{"id":403,"date":"2018-12-08T15:54:53","date_gmt":"2018-12-08T15:54:53","guid":{"rendered":"http:\/\/indira-kosmetik.de\/?page_id=403"},"modified":"2022-10-01T15:33:35","modified_gmt":"2022-10-01T15:33:35","slug":"lash-lifting","status":"publish","type":"page","link":"https:\/\/indira-kosmetik.de\/?page_id=403","title":{"rendered":"Lash Lifting"},"content":{"rendered":"\t\t<div data-elementor-type=\"wp-post\" data-elementor-id=\"403\" class=\"elementor elementor-403\">\n\t\t\t\t\t\t<section class=\"elementor-section elementor-top-section elementor-element elementor-element-8113212 elementor-section-boxed elementor-section-height-default elementor-section-height-default\" data-id=\"8113212\" data-element_type=\"section\">\n\t\t\t\t\t\t<div class=\"elementor-container elementor-column-gap-default\">\n\t\t\t\t\t<div class=\"elementor-column elementor-col-100 elementor-top-column elementor-element elementor-element-34b3ea7\" data-id=\"34b3ea7\" data-element_type=\"column\">\n\t\t\t<div class=\"elementor-widget-wrap\">\n\t\t\t\t\t\t\t<\/div>\n\t\t<\/div>\n\t\t\t\t\t<\/div>\n\t\t<\/section>\n\t\t\t\t<section class=\"elementor-section elementor-top-section elementor-element elementor-element-2eb824b elementor-section-boxed elementor-section-height-default elementor-section-height-default\" data-id=\"2eb824b\" data-element_type=\"section\">\n\t\t\t\t\t\t<div class=\"elementor-container elementor-column-gap-default\">\n\t\t\t\t\t<div class=\"elementor-column elementor-col-100 elementor-top-column elementor-element elementor-element-60f4932\" data-id=\"60f4932\" data-element_type=\"column\">\n\t\t\t<div class=\"elementor-widget-wrap elementor-element-populated\">\n\t\t\t\t\t\t<div class=\"elementor-element elementor-element-59249d5 elementor-widget elementor-widget-text-editor\" data-id=\"59249d5\" data-element_type=\"widget\" data-widget_type=\"text-editor.default\">\n\t\t\t\t<div class=\"elementor-widget-container\">\n\t\t\t\t\t\t\t<p>Da sind die Augen gerade erst aufgewacht und schon wird gebogen, gek\u00e4mmt, getuscht und bemalt. Hand auf`s Herz: Ohne w\u00e4re auch sch\u00f6n! Wenn man doch mit wachem Blick, Schwung in den Wimpern und unwiderstehlichem Augenaufschlag aufwachen k\u00f6nnte&#8230;<\/p><p>Du, das geht! Hier kommt das &#8220;Adieu&#8221; f\u00fcr Wimpernzange &amp; Mascara und das freudenstrahlende &#8220;Hallo&#8221; f\u00fcr dein Lash Lifting!\u00a0<\/p><p>Und das ist\u00a0<span class=\"m_4059694075543023451ydp9d8c81a6bluet_block_to_show m_4059694075543023451ydp9d8c81a6tooltipy-pop m_4059694075543023451ydp9d8c81a6tooltipy-pop-285 m_4059694075543023451ydp9d8c81a6kttg_arrow_show_bottom\">nicht nur im Ergebnis so atemberaubend wie du, sondern auch besonders schonend zu deinen empfindlichen Wimpern &#8211;\u00a0und das nachhaltig!<\/span><\/p><div><p><span class=\"m_4059694075543023451ydp9d8c81a6bluet_block_to_show m_4059694075543023451ydp9d8c81a6tooltipy-pop m_4059694075543023451ydp9d8c81a6tooltipy-pop-285 m_4059694075543023451ydp9d8c81a6kttg_arrow_show_bottom\">Das passiert: Die Wimpern werden mit 3 Lotionen sanft geliftet, fixiert und gef\u00e4rbt. Keratin versorgt sie mit Proteinen, Vitaminen und Feuchtigkeit.\u00a0 Das verwendete Bio Lash Botox ist rein pflanzlich und biologisch, es versiegelt deine Wimpern und versorgt sie zus\u00e4tzlich mit<\/span><span class=\"m_4059694075543023451ydp9d8c81a6bluet_block_to_show m_4059694075543023451ydp9d8c81a6tooltipy-pop m_4059694075543023451ydp9d8c81a6tooltipy-pop-285 m_4059694075543023451ydp9d8c81a6kttg_arrow_show_bottom\">N\u00e4hrstoffelixir und pflegenden \u00d6len f\u00fcr kr\u00e4ftige und gen\u00e4hrte Naturwimpern. Mit dem anschlie\u00dfenden Wimpern F\u00e4rben verleihen wir deinen Wimpern noch mehr Charme und intensive Farbe. Die Freude damit ist dabei unterschiedlich lang, denn: Deine Wimpern sind ein Kosmos f\u00fcr sich, sie erneuern sich st\u00e4ndig und daher ist auch die Haltbarkeit des Lash Liftings unterschiedlich und variiert in der Regel zwischen 4 und\u00a0<\/span>8 Wochen.\u00a0<\/p><p>Und so &#8211; Simsalabim- werden Frauenw\u00fcnsche wahr: Keine Sorge wegen deiner Mascara beim Sport, beim Schwimmen, Saunieren oder im Sommer. Morgens startest du ganz entspannt in den Tag und gewinnst Zeit f\u00fcr einen gem\u00fctlichen Kaffee, deine Familie oder was immer dein frisch aufgewachtes Herz begehrt! Vor der Verabredung hast du noch mehr Zeit, die Outfitauswahl zu zelebrieren, weil dein Augen Make Up schon sitzt. Und: Wenn es spontan klingelt, rei\u00dfen deine Augen alles raus!<\/p><\/div>\t\t\t\t\t\t<\/div>\n\t\t\t\t<\/div>\n\t\t\t\t\t<\/div>\n\t\t<\/div>\n\t\t\t\t\t<\/div>\n\t\t<\/section>\n\t\t\t\t<\/div>\n\t\t","protected":false},"excerpt":{"rendered":"<p>Da sind die Augen gerade erst aufgewacht und schon wird gebogen, gek\u00e4mmt, getuscht und bemalt. Hand auf`s Herz: Ohne w\u00e4re auch sch\u00f6n! Wenn man doch mit wachem Blick, Schwung in den Wimpern und unwiderstehlichem Augenaufschlag aufwachen k\u00f6nnte&#8230; Du, das geht! Hier kommt das &#8220;Adieu&#8221; f\u00fcr Wimpernzange &amp; Mascara und das freudenstrahlende &#8220;Hallo&#8221; f\u00fcr dein Lash [&hellip;]<\/p>\n","protected":false},"author":1,"featured_media":0,"parent":0,"menu_order":0,"comment_status":"closed","ping_status":"closed","template":"","meta":{"footnotes":""},"class_list":["post-403","page","type-page","status-publish","hentry"],"_links":{"self":[{"href":"https:\/\/indira-kosmetik.de\/index.php?rest_route=\/wp\/v2\/pages\/403","targetHints":{"allow":["GET"]}}],"collection":[{"href":"https:\/\/indira-kosmetik.de\/index.php?rest_route=\/wp\/v2\/pages"}],"about":[{"href":"https:\/\/indira-kosmetik.de\/index.php?rest_route=\/wp\/v2\/types\/page"}],"author":[{"embeddable":true,"href":"https:\/\/indira-kosmetik.de\/index.php?rest_route=\/wp\/v2\/users\/1"}],"replies":[{"embeddable":true,"href":"https:\/\/indira-kosmetik.de\/index.php?rest_route=%2Fwp%2Fv2%2Fcomments&post=403"}],"version-history":[{"count":12,"href":"https:\/\/indira-kosmetik.de\/index.php?rest_route=\/wp\/v2\/pages\/403\/revisions"}],"predecessor-version":[{"id":866,"href":"https:\/\/indira-kosmetik.de\/index.php?rest_route=\/wp\/v2\/pages\/403\/revisions\/866"}],"wp:attachment":[{"href":"https:\/\/indira-kosmetik.de\/index.php?rest_route=%2Fwp%2Fv2%2Fmedia&parent=403"}],"curies":[{"name":"wp","href":"https:\/\/api.w.org\/{rel}","templated":true}]}}