{"id":572,"date":"2022-09-08T05:24:10","date_gmt":"2022-09-08T05:24:10","guid":{"rendered":"http:\/\/indira-kosmetik.de\/?page_id=572"},"modified":"2023-01-29T14:23:57","modified_gmt":"2023-01-29T14:23:57","slug":"colibri-wp","status":"publish","type":"page","link":"http:\/\/indira-kosmetik.de\/","title":{"rendered":"Front Page"},"content":{"rendered":"<div data-colibri-id=\"572-c1\" class=\"style-193 style-local-572-c1 position-relative\">\n  <!---->\n  <div data-colibri-component=\"section\" data-colibri-id=\"572-c2\" id=\"reusable-sections-2\" class=\"h-section h-section-global-spacing d-flex align-items-lg-center align-items-md-center align-items-center style-578 style-local-572-c2 position-relative\">\n    <!---->\n    <!---->\n    <div class=\"h-section-grid-container h-section-boxed-container\">\n      <div data-colibri-id=\"572-c6\" class=\"h-row-container gutters-row-lg-2 gutters-row-md-2 gutters-row-2 gutters-row-v-lg-2 gutters-row-v-md-2 gutters-row-v-2 style-582 style-local-572-c6 position-relative\">\n        <!---->\n        <div class=\"h-row justify-content-lg-center justify-content-md-center justify-content-center align-items-lg-stretch align-items-md-stretch align-items-stretch gutters-col-lg-2 gutters-col-md-2 gutters-col-2 gutters-col-v-lg-2 gutters-col-v-md-2 gutters-col-v-2\">\n          <!---->\n          <div class=\"h-column h-column-container d-flex h-col-lg-auto h-col-md-auto h-col-auto style-583-outer style-local-572-c7-outer\">\n            <div data-colibri-id=\"572-c7\" class=\"d-flex h-flex-basis h-column__inner h-px-lg-2 h-px-md-2 h-px-0 v-inner-lg-2 v-inner-md-2 v-inner-0 style-583 style-local-572-c7 position-relative\">\n              <!---->\n              <!---->\n              <div class=\"w-100 h-y-container h-column__content h-column__v-align flex-basis-100 align-self-lg-start align-self-md-start align-self-start\">\n                <!---->\n                <div data-colibri-id=\"572-c8\" class=\"h-global-transition-all h-heading style-584 style-local-572-c8 position-relative h-element\">\n                  <!---->\n                  <div class=\"h-heading__outer style-584 style-local-572-c8\">\n                    <!---->\n                    <!---->\n                    <h2 class=\"\">Die Wohlf\u00fchloase<\/h2>\n                  <\/div>\n                <\/div>\n                <div data-colibri-id=\"572-c9\" class=\"h-lead h-text h-text-component style-585 style-local-572-c9 position-relative h-element\">\n                  <!---->\n                  <!---->\n                  <div class=\"\">\n                    <p>Um die bestm\u00f6glichen Ergebnisse zu erzielen, setze ich auf die innovativen Ger\u00e4te von Ionto Comed und hochwirksame System-Pflegeprodukte von Janssen Cosmetics.\n                      <br>\n                      <br>Ich freue mich auf deinen Besuch.<\/p>\n                  <\/div>\n                <\/div>\n              <\/div>\n            <\/div>\n          <\/div>\n        <\/div>\n      <\/div>\n      <div data-colibri-id=\"572-c3\" class=\"h-row-container gutters-row-lg-2 gutters-row-md-2 gutters-row-2 gutters-row-v-lg-2 gutters-row-v-md-2 gutters-row-v-2 style-579 style-local-572-c3 position-relative\">\n        <!---->\n        <div class=\"h-row justify-content-lg-center justify-content-md-center justify-content-center align-items-lg-stretch align-items-md-stretch align-items-stretch gutters-col-lg-2 gutters-col-md-2 gutters-col-2 gutters-col-v-lg-2 gutters-col-v-md-2 gutters-col-v-2\">\n          <!---->\n          <div class=\"h-column h-column-container d-flex h-col-lg-auto h-col-md-auto h-col-auto style-580-outer style-local-572-c4-outer\">\n            <div data-colibri-id=\"572-c4\" class=\"d-flex h-flex-basis h-column__inner h-px-lg-0 h-px-md-0 h-px-0 v-inner-lg-0 v-inner-md-0 v-inner-0 style-580 style-local-572-c4 position-relative\">\n              <!---->\n              <!---->\n              <div class=\"w-100 h-y-container h-column__content h-column__v-align flex-basis-100 align-self-lg-start align-self-md-start align-self-start\">\n                <!---->\n                <div data-colibri-id=\"572-c5\" class=\"d-block style-581 style-local-572-c5 position-relative h-element\">\n                  <!---->\n                  <div class=\"h-image__frame-container-outer\">\n                    <div class=\"h-image__frame-container\">\n                      <!---->\n                      <!---->\n                      <img fetchpriority=\"high\" decoding=\"async\" width=\"2048\" height=\"1153\" src=\"http:\/\/indira-kosmetik.de\/wp-content\/uploads\/2022\/09\/cropped-cropped-Studio01-1.jpeg\" class=\"wp-image-645 style-581-image style-local-572-c5-image\" alt=\"\" srcset=\"http:\/\/indira-kosmetik.de\/wp-content\/uploads\/2022\/09\/cropped-cropped-Studio01-1.jpeg 2048w, http:\/\/indira-kosmetik.de\/wp-content\/uploads\/2022\/09\/cropped-cropped-Studio01-1-300x169.jpeg 300w, http:\/\/indira-kosmetik.de\/wp-content\/uploads\/2022\/09\/cropped-cropped-Studio01-1-1024x577.jpeg 1024w, http:\/\/indira-kosmetik.de\/wp-content\/uploads\/2022\/09\/cropped-cropped-Studio01-1-768x432.jpeg 768w, http:\/\/indira-kosmetik.de\/wp-content\/uploads\/2022\/09\/cropped-cropped-Studio01-1-1536x865.jpeg 1536w\" sizes=\"(max-width: 2048px) 100vw, 2048px\" \/>\n                      <div class=\"h-image__frame style-581-frameImage style-local-572-c5-frameImage\"><\/div>\n                    <\/div>\n                  <\/div>\n                <\/div>\n              <\/div>\n            <\/div>\n          <\/div>\n        <\/div>\n      <\/div>\n    <\/div>\n  <\/div>\n  <div data-colibri-component=\"section\" data-colibri-id=\"572-c10\" id=\"about-2\" class=\"h-section h-section-global-spacing d-flex align-items-lg-center align-items-md-center align-items-center style-545 style-local-572-c10 position-relative\">\n    <!---->\n    <!---->\n    <div class=\"h-section-grid-container h-section-boxed-container\">\n      <!---->\n      <div data-colibri-id=\"572-c11\" class=\"h-row-container gutters-row-lg-0 gutters-row-md-0 gutters-row-0 gutters-row-v-lg-0 gutters-row-v-md-0 gutters-row-v-0 style-546 style-local-572-c11 position-relative\">\n        <!---->\n        <div class=\"h-row justify-content-lg-center justify-content-md-center justify-content-center align-items-lg-stretch align-items-md-stretch align-items-stretch gutters-col-lg-0 gutters-col-md-0 gutters-col-0 gutters-col-v-lg-0 gutters-col-v-md-0 gutters-col-v-0\">\n          <!---->\n          <div class=\"h-column h-column-container d-flex h-col-lg-auto h-col-md-auto h-col-auto style-547-outer style-local-572-c12-outer\">\n            <div data-colibri-id=\"572-c12\" class=\"d-flex h-flex-basis h-column__inner h-ui-empty-state-container h-px-lg-0 h-px-md-0 h-px-0 v-inner-lg-0 v-inner-md-0 v-inner-0 style-547 style-local-572-c12 position-relative\">\n              <!---->\n              <!---->\n              <div class=\"w-100 h-y-container h-column__content h-column__v-align flex-basis-100\">\n                <!---->\n              <\/div>\n            <\/div>\n          <\/div>\n          <div class=\"h-column h-column-container d-flex h-col-lg-auto h-col-md-auto h-col-auto style-548-outer style-local-572-c13-outer\">\n            <div data-colibri-id=\"572-c13\" class=\"d-flex h-flex-basis h-column__inner h-px-lg-2 h-px-md-2 h-px-2 v-inner-lg-2 v-inner-md-2 v-inner-2 style-548 style-local-572-c13 position-relative\">\n              <!---->\n              <!---->\n              <div class=\"w-100 h-y-container h-column__content h-column__v-align flex-basis-100 align-self-lg-start align-self-md-start align-self-start\">\n                <!---->\n                <div data-colibri-id=\"572-c14\" class=\"h-global-transition-all h-heading style-549 style-local-572-c14 position-relative h-element\">\n                  <!---->\n                  <div class=\"h-heading__outer style-549 style-local-572-c14\">\n                    <!---->\n                    <!---->\n                    <a href=\"http:\/\/indira-kosmetik.de\/?page_id=469\" h-use-smooth-scroll=\"true\">\n                      <h5 class=\"\">Micro-Needling:<\/h5>\n                    <\/a>\n                  <\/div>\n                <\/div>\n                <div data-colibri-id=\"572-c15\" class=\"h-global-transition-all h-heading style-550 style-local-572-c15 position-relative h-element\">\n                  <!---->\n                  <div class=\"h-heading__outer style-550 style-local-572-c15\">\n                    <!---->\n                    <!---->\n                    <a href=\"http:\/\/indira-kosmetik.de\/?page_id=469\" h-use-smooth-scroll=\"true\">\n                      <h2 class=\"\">Das Anti \u2013 Aging Wunder! Mit winzigen Nadelspitzen zu bl\u00fctenzarter Haut.<\/h2>\n                    <\/a>\n                  <\/div>\n                <\/div>\n                <div data-colibri-id=\"572-c16\" class=\"h-text h-text-component style-551 style-local-572-c16 position-relative h-element\">\n                  <!---->\n                  <!---->\n                  <div class=\"\">\n                    <p><span style=\"font-weight: 400; font-size: 16px; font-family: &quot;Open Sans&quot;; color: rgb(70, 112, 127);\">Das ist das Richtige f\u00fcr dich, wenn du Haut so jung wie der Fr\u00fchling m\u00f6chtest oder mit Hautproblemen haderst. Im Kampf gegen Falten, Sonnengesch\u00e4digte Haut, Raucherhaut oder Narben ein guter Begleiter&#8230;..<\/span><\/p>\n                  <\/div>\n                <\/div>\n              <\/div>\n            <\/div>\n          <\/div>\n        <\/div>\n      <\/div>\n    <\/div>\n  <\/div>\n  <div data-colibri-component=\"section\" data-colibri-id=\"572-c17\" id=\"about-4\" class=\"h-section h-section-global-spacing d-flex align-items-lg-center align-items-md-center align-items-center style-538 style-local-572-c17 position-relative\">\n    <!---->\n    <!---->\n    <div class=\"h-section-grid-container h-section-boxed-container\">\n      <!---->\n      <div data-colibri-id=\"572-c18\" class=\"h-row-container gutters-row-lg-0 gutters-row-md-0 gutters-row-0 gutters-row-v-lg-0 gutters-row-v-md-0 gutters-row-v-0 style-539 style-local-572-c18 position-relative\">\n        <!---->\n        <div class=\"h-row justify-content-lg-center justify-content-md-center justify-content-center align-items-lg-stretch align-items-md-stretch align-items-stretch gutters-col-lg-0 gutters-col-md-0 gutters-col-0 gutters-col-v-lg-0 gutters-col-v-md-0 gutters-col-v-0\">\n          <!---->\n          <div class=\"h-column h-column-container d-flex h-col-lg-auto h-col-md-auto h-col-auto style-540-outer style-local-572-c19-outer\">\n            <div data-colibri-id=\"572-c19\" class=\"d-flex h-flex-basis h-column__inner h-px-lg-0 h-px-md-0 h-px-0 v-inner-lg-0 v-inner-md-0 v-inner-0 style-540 style-local-572-c19 position-relative\">\n              <!---->\n              <!---->\n              <div class=\"w-100 h-y-container h-column__content h-column__v-align flex-basis-100 align-self-lg-start align-self-md-start align-self-start\">\n                <!---->\n                <div data-colibri-id=\"572-c20\" class=\"h-global-transition-all h-heading style-541 style-local-572-c20 position-relative h-element\">\n                  <!---->\n                  <div class=\"h-heading__outer style-541 style-local-572-c20\">\n                    <!---->\n                    <!---->\n                    <a href=\"http:\/\/indira-kosmetik.de\/?page_id=403\" h-use-smooth-scroll=\"true\">\n                      <h5 class=\"\">Lash Lifting<\/h5>\n                    <\/a>\n                  <\/div>\n                <\/div>\n                <div data-colibri-id=\"572-c21\" class=\"h-global-transition-all h-heading style-542 style-local-572-c21 position-relative h-element\">\n                  <!---->\n                  <div class=\"h-heading__outer style-542 style-local-572-c21\">\n                    <!---->\n                    <!---->\n                    <a href=\"http:\/\/indira-kosmetik.de\/?page_id=403\" h-use-smooth-scroll=\"true\">\n                      <h2 class=\"\">Wacher Blick, Schwung und ein unwiderstehlicher Augenaufschlag<\/h2>\n                    <\/a>\n                  <\/div>\n                <\/div>\n                <div data-colibri-id=\"572-c22\" class=\"h-text h-text-component style-543 style-local-572-c22 position-relative h-element\">\n                  <!---->\n                  <!---->\n                  <div class=\"\">\n                    <p><span style=\"font-weight: 400; font-size: 16px; font-family: &quot;Open Sans&quot;; color: rgb(70, 112, 127);\">Du, das geht! Hier kommt das \u201cAdieu\u201d f\u00fcr Wimpernzange &amp; Mascara und das freudenstrahlende \u201cHallo\u201d f\u00fcr dein Lash Lifting!&nbsp;Und das ist&nbsp;nicht nur im Ergebnis so atemberaubend wie du, sondern auch besonders schonend zu deinen empfindlichen Wimpern \u2013&nbsp;und das nachhaltig!&#8230;.<\/span><\/p>\n                  <\/div>\n                <\/div>\n              <\/div>\n            <\/div>\n          <\/div>\n          <div class=\"h-column h-column-container d-flex h-col-lg-auto h-col-md-auto h-col-auto style-544-outer style-local-572-c23-outer\">\n            <div data-colibri-id=\"572-c23\" class=\"d-flex h-flex-basis h-column__inner h-ui-empty-state-container h-px-lg-2 h-px-md-2 h-px-2 v-inner-lg-2 v-inner-md-2 v-inner-2 style-544 style-local-572-c23 position-relative\">\n              <!---->\n              <!---->\n              <div class=\"w-100 h-y-container h-column__content h-column__v-align flex-basis-100\">\n                <!---->\n              <\/div>\n            <\/div>\n          <\/div>\n        <\/div>\n      <\/div>\n    <\/div>\n  <\/div>\n  <div data-colibri-component=\"section\" data-colibri-id=\"572-c24\" id=\"about-3\" class=\"h-section h-section-global-spacing d-flex align-items-lg-center align-items-md-center align-items-center style-474 style-local-572-c24 position-relative\">\n    <!---->\n    <!---->\n    <div class=\"h-section-grid-container h-section-boxed-container\">\n      <div data-colibri-id=\"572-c29\" class=\"h-row-container gutters-row-lg-2 gutters-row-md-2 gutters-row-2 gutters-row-v-lg-2 gutters-row-v-md-2 gutters-row-v-2 style-479 style-local-572-c29 position-relative\">\n        <!---->\n        <div class=\"h-row justify-content-lg-center justify-content-md-center justify-content-center align-items-lg-stretch align-items-md-stretch align-items-stretch gutters-col-lg-2 gutters-col-md-2 gutters-col-2 gutters-col-v-lg-2 gutters-col-v-md-2 gutters-col-v-2\">\n          <!---->\n          <div class=\"h-column h-column-container d-flex h-col-lg-auto h-col-md-auto h-col-auto style-480-outer style-local-572-c30-outer\">\n            <div data-colibri-id=\"572-c30\" class=\"d-flex h-flex-basis h-column__inner h-px-lg-2 h-px-md-2 h-px-2 v-inner-lg-2 v-inner-md-2 v-inner-2 style-480 style-local-572-c30 position-relative\">\n              <!---->\n              <!---->\n              <div class=\"w-100 h-y-container h-column__content h-column__v-align flex-basis-100 align-self-lg-start align-self-md-start align-self-start\">\n                <!---->\n                <div data-colibri-id=\"572-c31\" class=\"h-global-transition-all h-heading style-481 style-local-572-c31 position-relative h-element\">\n                  <!---->\n                  <div class=\"h-heading__outer style-481 style-local-572-c31\">\n                    <!---->\n                    <!---->\n                    <h5 class=\"\">Meine Philosophie<\/h5>\n                  <\/div>\n                <\/div>\n                <div data-colibri-id=\"572-c32\" class=\"h-global-transition-all h-heading style-482 style-local-572-c32 position-relative h-element\">\n                  <!---->\n                  <div class=\"h-heading__outer style-482 style-local-572-c32\">\n                    <!---->\n                    <!---->\n                    <h2 class=\"\">Mein Anspruch ist, dass du dich wohl f\u00fchlst in deiner Haut.<\/h2>\n                  <\/div>\n                <\/div>\n                <div data-colibri-id=\"572-c33\" class=\"h-text h-text-component style-486 style-local-572-c33 position-relative h-element\">\n                  <!---->\n                  <!---->\n                  <div class=\"\">\n                    <p>Es ist ein sch\u00f6nes Gef\u00fchl, mit sich und seiner Haut im Reinen zu sein.<\/p>\n                    <p>In besonderer Atmosph\u00e4re nehme ich mir Zeit f\u00fcr dich \u2013 lass uns deine Sinne begeistern!<\/p>\n                    <p>Genie\u00dfe kostbare Momente der Ruhe und mach dich mit mir auf den Weg zu einem neuen Hautgef\u00fchl.<\/p>\n                    <p>Vielleicht suchst du nach einer gezielten Behandlung, vielleicht aber auch nur nach einer Atempause. Ich habe dir hier einige Angebote zusammengestellt. Findest du dich wieder?<\/p>\n                    <p>Vereinbare deinen Termin und wir finden die passende Behandlung f\u00fcr dich!<\/p>\n                    <p>\n                      <br>\n                    <\/p>\n                  <\/div>\n                <\/div>\n                <div data-colibri-id=\"572-c34\" class=\"h-text h-text-component style-487 style-local-572-c34 position-relative h-element\">\n                  <!---->\n                  <!---->\n                  <div class=\"\">\n                    <p>Deine Indira<\/p>\n                  <\/div>\n                <\/div>\n              <\/div>\n            <\/div>\n          <\/div>\n        <\/div>\n      <\/div>\n      <div data-colibri-id=\"572-c25\" class=\"h-row-container gutters-row-lg-0 gutters-row-md-0 gutters-row-0 gutters-row-v-lg-0 gutters-row-v-md-0 gutters-row-v-0 style-475 style-local-572-c25 h-overflow-hidden position-relative\">\n        <!---->\n        <div class=\"h-row justify-content-lg-center justify-content-md-center justify-content-center align-items-lg-end align-items-md-end align-items-end gutters-col-lg-0 gutters-col-md-0 gutters-col-0 gutters-col-v-lg-0 gutters-col-v-md-0 gutters-col-v-0\">\n          <!---->\n          <div class=\"h-column h-column-container d-flex h-col-lg-auto h-col-md-auto h-col-auto align-self-lg-end align-self-md-end align-self-end style-476-outer style-local-572-c26-outer\">\n            <div data-colibri-id=\"572-c26\" class=\"d-flex h-flex-basis h-column__inner h-ui-empty-state-container h-px-lg-0 h-px-md-0 h-px-0 v-inner-lg-0 v-inner-md-0 v-inner-0 style-476 style-local-572-c26 position-relative\">\n              <!---->\n              <!---->\n              <div class=\"w-100 h-y-container h-column__content h-column__v-align flex-basis-100\">\n                <!---->\n              <\/div>\n            <\/div>\n          <\/div>\n          <div class=\"h-column h-column-container d-flex h-col-lg-auto h-col-md-auto h-col-auto align-self-lg-end align-self-md-end align-self-end style-477-outer style-local-572-c27-outer\">\n            <div data-colibri-id=\"572-c27\" class=\"d-flex h-flex-basis h-column__inner h-ui-empty-state-container h-px-lg-0 h-px-md-0 h-px-0 v-inner-lg-0 v-inner-md-0 v-inner-0 style-477 style-local-572-c27 position-relative\">\n              <!---->\n              <!---->\n              <div class=\"w-100 h-y-container h-column__content h-column__v-align flex-basis-100\">\n                <!---->\n              <\/div>\n            <\/div>\n          <\/div>\n          <div class=\"h-column h-column-container d-flex h-col-lg-auto h-col-md-auto h-col-auto align-self-lg-end align-self-md-end align-self-end style-478-outer style-local-572-c28-outer\">\n            <div data-colibri-id=\"572-c28\" class=\"d-flex h-flex-basis h-column__inner h-ui-empty-state-container h-px-lg-0 h-px-md-0 h-px-0 v-inner-lg-0 v-inner-md-0 v-inner-0 style-478 style-local-572-c28 position-relative\">\n              <!---->\n              <!---->\n              <div class=\"w-100 h-y-container h-column__content h-column__v-align flex-basis-100\">\n                <!---->\n              <\/div>\n            <\/div>\n          <\/div>\n        <\/div>\n      <\/div>\n    <\/div>\n  <\/div>\n  <div data-colibri-component=\"section\" data-colibri-id=\"572-c35\" id=\"custom\" class=\"h-section h-section-global-spacing d-flex align-items-lg-center align-items-md-center align-items-center style-552 style-local-572-c35 position-relative\">\n    <!---->\n    <!---->\n    <div class=\"h-section-grid-container h-section-boxed-container\">\n      <!---->\n      <div data-colibri-id=\"572-c36\" class=\"h-row-container gutters-row-lg-2 gutters-row-md-2 gutters-row-0 gutters-row-v-lg-2 gutters-row-v-md-2 gutters-row-v-2 style-553 style-local-572-c36 position-relative\">\n        <!---->\n        <div class=\"h-row justify-content-lg-center justify-content-md-center justify-content-center align-items-lg-stretch align-items-md-stretch align-items-stretch gutters-col-lg-2 gutters-col-md-2 gutters-col-0 gutters-col-v-lg-2 gutters-col-v-md-2 gutters-col-v-2\">\n          <!---->\n          <div class=\"h-column h-column-container d-flex h-col-lg-auto h-col-md-auto h-col-auto style-554-outer style-local-572-c37-outer\">\n            <div data-colibri-id=\"572-c37\" class=\"d-flex h-flex-basis h-column__inner h-ui-empty-state-container h-px-lg-2 h-px-md-2 h-px-2 v-inner-lg-2 v-inner-md-2 v-inner-2 style-554 style-local-572-c37 position-relative\">\n              <!---->\n              <!---->\n              <div class=\"w-100 h-y-container h-column__content h-column__v-align flex-basis-100\">\n                <!---->\n              <\/div>\n            <\/div>\n          <\/div>\n        <\/div>\n      <\/div>\n    <\/div>\n  <\/div>\n<\/div>","protected":false},"excerpt":{"rendered":"<p>Die Wohlf\u00fchloase Um die bestm\u00f6glichen Ergebnisse zu erzielen, setze ich auf die innovativen Ger\u00e4te von Ionto Comed und hochwirksame System-Pflegeprodukte von Janssen Cosmetics. Ich freue mich auf deinen Besuch. Micro-Needling: Das Anti \u2013 Aging Wunder! Mit winzigen Nadelspitzen zu bl\u00fctenzarter Haut. Das ist das Richtige f\u00fcr dich, wenn du Haut so jung wie der Fr\u00fchling [&hellip;]<\/p>\n","protected":false},"author":1,"featured_media":0,"parent":0,"menu_order":0,"comment_status":"closed","ping_status":"closed","template":"page-templates\/homepage.php","meta":{"footnotes":""},"class_list":["post-572","page","type-page","status-publish","hentry"],"_links":{"self":[{"href":"http:\/\/indira-kosmetik.de\/index.php?rest_route=\/wp\/v2\/pages\/572","targetHints":{"allow":["GET"]}}],"collection":[{"href":"http:\/\/indira-kosmetik.de\/index.php?rest_route=\/wp\/v2\/pages"}],"about":[{"href":"http:\/\/indira-kosmetik.de\/index.php?rest_route=\/wp\/v2\/types\/page"}],"author":[{"embeddable":true,"href":"http:\/\/indira-kosmetik.de\/index.php?rest_route=\/wp\/v2\/users\/1"}],"replies":[{"embeddable":true,"href":"http:\/\/indira-kosmetik.de\/index.php?rest_route=%2Fwp%2Fv2%2Fcomments&post=572"}],"version-history":[{"count":17,"href":"http:\/\/indira-kosmetik.de\/index.php?rest_route=\/wp\/v2\/pages\/572\/revisions"}],"predecessor-version":[{"id":1002,"href":"http:\/\/indira-kosmetik.de\/index.php?rest_route=\/wp\/v2\/pages\/572\/revisions\/1002"}],"wp:attachment":[{"href":"http:\/\/indira-kosmetik.de\/index.php?rest_route=%2Fwp%2Fv2%2Fmedia&parent=572"}],"curies":[{"name":"wp","href":"https:\/\/api.w.org\/{rel}","templated":true}]}}