{"id":187,"date":"2018-11-24T09:58:17","date_gmt":"2018-11-24T09:58:17","guid":{"rendered":"http:\/\/indira-kosmetik.de\/?page_id=187"},"modified":"2022-09-09T07:20:30","modified_gmt":"2022-09-09T07:20:30","slug":"agb","status":"publish","type":"page","link":"http:\/\/indira-kosmetik.de\/?page_id=187","title":{"rendered":"AGB"},"content":{"rendered":"<h3 style=\"text-align: center;\"><\/h3>\n<p>Allgemeine Gesch\u00e4ftsbedingungen ( AGB )<\/p>\n<p>Indira Kosmetik<\/p>\n<p>\u00a7 1 Allgemeines, Geltungsbereich<br \/>\n1. Die vorliegenden Allgemeinen Gesch\u00e4ftsbedingungen (AGB) gelten f\u00fcr alle unsere Gesch\u00e4ftsbeziehungen mit unseren Kunden.<br \/>\n2. Unsere AGB gelten ausschlie\u00dflich. Abweichende, entgegenstehende oder erg\u00e4nzende AGB des Kunden werden nur dann und insoweit<br \/>\nVertragsbestandteil, als wir ihrer Geltung ausdr\u00fccklich schriftlich zugestimmt haben.<\/p>\n<p>\u00a7 2 Angebote<br \/>\n1. Unsere Angebote sind freibleibend und unverbindlich.<br \/>\n\u00a7 3 Terminvergabe, Behandlungen<br \/>\n1. Behandelt werden auf eigenen Wunsch und nach terminlicher Vereinbarung alle gesch\u00e4ftsf\u00e4higen Personen ab 18 Jahren. Bei Personen unter 18<br \/>\nJahren ist eine Zustimmung des gesetzlichen Vertreters erforderlich.<br \/>\n2. Vereinbarte Termine sind eine beiderseitige Willenserkl\u00e4rung und f\u00fcr\u00a0beide Parteien bindend.<br \/>\n3. Die Behandlungsdauer ist der Angebots- und Preisliste zu entnehmen. Der Umfang der Behandlung richtet sich nach der vorherigen und individuellen<br \/>\nAbsprache und dem Hautzustand. Wir geben Behandlungsempfehlungen, die Entscheidung \u00fcber die Art der Behandlung trifft der Kunde. Die<br \/>\nBehandlung wird nach vorheriger Hautdiagnose und der Behandlungsempfehlung sach- und fachgerecht vorgenommen.<br \/>\n4. Kann aus f\u00fcr uns nicht zu vertretenden Gr\u00fcnden oder h\u00f6herer Gewalt ein Termin von uns nicht eingehalten werden, wird der Kunde umgehend in<br \/>\nKenntnis gesetzt, sofern die hinterlegten Adress- und Kontaktdaten eine zeitnahe Kontaktaufnahme erm\u00f6glichen. Wir sind in dem Fall berechtigt, den<br \/>\nTermin kurzfristig zu verschieben oder vom Vertrag zur\u00fcckzutreten. Unsere gesetzlichen R\u00fccktritts- und K\u00fcndigungsrechte bleiben unber\u00fchrt.<\/p>\n<p>\u00a7 4 Preise und Zahlungsbedingungen<br \/>\n1. Sofern im Einzelfall nichts anderes vereinbart ist, gilt unsere jeweils zum Zeitpunkt des Vertragsschlusses aktuelle Preisliste.<\/p>\n<p>\u00a7 5 Gew\u00e4hrleistung<br \/>\n1. Innerhalb der Behandlung werden den Bed\u00fcrfnissen des jeweiligen Hautbildes entsprechende Produkte eingesetzt. Eine Garantie bez\u00fcglich<br \/>\nVertr\u00e4glichkeit und Erfolg kann jedoch nicht gegeben werden. Der Behandlungserfolg h\u00e4ngt vom individuellen Hautbild des Kunden ab. Dies trifft<br \/>\ninsbesondere dann zu, wenn Fragen beim Anamnesegespr\u00e4ch seitens des Kunden nicht ausreichend oder nicht wahrheitsgem\u00e4\u00df beantwortet wurden.<br \/>\nDer Kunde ist verpflichtet wahrheitsgem\u00e4\u00dfe Angaben zu machen, besonders was Allergien, Unvertr\u00e4glichkeiten, Hautkrankheiten oder ansteckende<br \/>\nInfektionskrankheiten betrifft.<br \/>\n2. Der Kunde hat uns offensichtliche Behandlungsm\u00e4ngel binnen 10 Kalendertagen, nachdem er den Mangel erkennen konnte, anzuzeigen.<br \/>\nAnderenfalls sind Gew\u00e4hrleistungsanspr\u00fcche ausgeschlossen.<br \/>\n3. M\u00e4ngelanzeigen des Kunden bed\u00fcrfen zu ihrer Wirksamkeit der Schriftform.<br \/>\n4. Im \u00dcbrigen richten sich die Gew\u00e4hrleistungsanspr\u00fcche des Kunden nach den gesetzlichen Bestimmungen.<\/p>\n<p>\u00a7 6 Haftung<br \/>\n1. Schadensersatzanspr\u00fcche des Kunden verfallen mit Ablauf von drei Jahren nach der vertraglich vorgesehenen Beendigung der Behandlung. Bei<br \/>\nKenntnis des Behandlungsmangels hat der\/die Kunde\/In den entsprechenden Mangel binnen einer Frist von 3 Monaten geltend gemacht werden. Nach<br \/>\nAblauf der Frist kann der Kunde Anspr\u00fcche nur geltend machen, wenn er ohne Verschulden an der Einhaltung der Frist verhindert worden ist.<br \/>\n2. Alle Schadensersatzanspr\u00fcche verj\u00e4hren innerhalb von drei Jahren nach ihrer Entstehung. Dies gilt nicht f\u00fcr Anspr\u00fcche aus unerlaubter Handlung.<br \/>\n3. Unsere Haftung sowie die unserer Mitarbeiter und Erf\u00fcllungsgehilfen f\u00fcr vertragliche Pflichtverletzungen sowie aus Delikt ist auf Vorsatz und grobe<br \/>\nFahrl\u00e4ssigkeit beschr\u00e4nkt. Dies gilt nicht bei Verletzung einer wesentlichen Vertragspflicht, d.h. einer Pflicht auf deren Einhaltung der Kunde vertraut<br \/>\nund vertrauen darf. Bei leichter Fahrl\u00e4ssigkeit ist die Haftung jedoch auf den Ersatz des vorhersehbaren, typischerweise eintretenden Schaden<br \/>\nbegrenzt.<br \/>\n4. Bei Anspr\u00fcchen aus dem Produkthaftungsgesetz sowie bei sonstiger gesetzlicher Garantiehaftung oder Verletzung von Leben, K\u00f6rper und<br \/>\nGesundheit finden die vorstehenden Haftungsbeschr\u00e4nkungen keine Anwendung.<\/p>\n<p>\u00a7 7 Warengesch\u00e4ft<br \/>\n1. Eigentumsvorbehalt<br \/>\nDie Ware bleibt bis zur vollst\u00e4ndigen Zahlung Eigentum des Verk\u00e4ufers.<br \/>\n2. Warenm\u00e4ngel<br \/>\nIm Rahmen der Gew\u00e4hrleistung finden die gesetzlichen Regelungen Anwendung. Bei berechtigten Fabrikationsfehlern erh\u00e4lt der Kunde Ersatz.<br \/>\nSonstige Anspr\u00fcche sind ausgeschlossen.<br \/>\n3. Warenumtausch<br \/>\nAktionsware, individuell bestellte Ware oder bereits gebrauchte Ware ist vom Umtausch ausgeschlossen.<\/p>\n<p>\u00a7 8 Geschenkgutscheine und Aktions-Angebote<br \/>\n1. Geschenkgutscheine k\u00f6nnen nicht in bar ausgezahlt werden. Der Anspruch aus dem Gutschein verj\u00e4hrt nach der regelm\u00e4\u00dfigen Verj\u00e4hrungsfrist des<br \/>\n\u00a7 195 BGB in drei Jahren. Die Verj\u00e4hrung beginnt mit dem Ende des Jahres, in dem der Gutschein ausgestellt wurde.<br \/>\n\u00a7 9 \u00c4nderungsvorbehalte<br \/>\n1. Wir behalten uns zwischenzeitliche \u00c4nderungen in Art und Umfang der Behandlungen sowie Preisen vor.<\/p>\n<p>\u00a7 10 AGB, Preisliste<br \/>\n1. Bei Erscheinen neuer AGB bzw. neuer Angebots- und Preislisten verlieren alle vorherigen ihre G\u00fcltigkeit. Es gilt deutsches Recht unter Ausschluss<br \/>\ndes UN-Kaufrechts.<\/p>\n<p>\u00a7 11 Schlussbestimmungen<br \/>\n1. Dem Kunden stehen Aufrechnungs- oder Zur\u00fcckbehaltungsrechte nur insoweit zu, als sein Anspruch rechtskr\u00e4ftig festgestellt oder unbestritten ist.<br \/>\n2. Der Kunde ist nicht berechtigt, seine Anspr\u00fcche aus dem Vertrag abzutreten.<br \/>\n3. Von den allgemeinen Gesch\u00e4ftsbedingungen abweichende Vereinbarungen bed\u00fcrfen der Schriftform.<br \/>\n4. Erf\u00fcllungsort und Gerichtsstand ist der Sitz der Kosmetikpraxis<br \/>\n5. Sollte eine oder mehrere der vorstehenden Bestimmungen ung\u00fcltig sein, so soll die Wirksamkeit der \u00fcbrigen Bestimmungen hiervon nicht ber\u00fchrt<br \/>\nwerden. Dies gilt auch, wenn innerhalb einer Regelung ein Teil unwirksam, ein anderer Teil aber wirksam ist. Die jeweils unwirksame Bestimmung soll<br \/>\nvon den Parteien durch eine Regelung ersetzt werden, die den wirtschaftlichen Interessen der Vertragsparteien am n\u00e4chsten kommt und die den<br \/>\n\u00fcbrigen vertraglichen Vereinbarungen nicht zuwider l\u00e4uft.<\/p>\n","protected":false},"excerpt":{"rendered":"<p>Allgemeine Gesch\u00e4ftsbedingungen ( AGB ) Indira Kosmetik \u00a7 1 Allgemeines, Geltungsbereich 1. Die vorliegenden Allgemeinen Gesch\u00e4ftsbedingungen (AGB) gelten f\u00fcr alle unsere Gesch\u00e4ftsbeziehungen mit unseren Kunden. 2. Unsere AGB gelten ausschlie\u00dflich. Abweichende, entgegenstehende oder erg\u00e4nzende AGB des Kunden werden nur dann und insoweit Vertragsbestandteil, als wir ihrer Geltung ausdr\u00fccklich schriftlich zugestimmt haben. \u00a7 2 Angebote 1. [&hellip;]<\/p>\n","protected":false},"author":1,"featured_media":0,"parent":0,"menu_order":0,"comment_status":"closed","ping_status":"closed","template":"","meta":{"footnotes":""},"class_list":["post-187","page","type-page","status-publish","hentry"],"_links":{"self":[{"href":"http:\/\/indira-kosmetik.de\/index.php?rest_route=\/wp\/v2\/pages\/187","targetHints":{"allow":["GET"]}}],"collection":[{"href":"http:\/\/indira-kosmetik.de\/index.php?rest_route=\/wp\/v2\/pages"}],"about":[{"href":"http:\/\/indira-kosmetik.de\/index.php?rest_route=\/wp\/v2\/types\/page"}],"author":[{"embeddable":true,"href":"http:\/\/indira-kosmetik.de\/index.php?rest_route=\/wp\/v2\/users\/1"}],"replies":[{"embeddable":true,"href":"http:\/\/indira-kosmetik.de\/index.php?rest_route=%2Fwp%2Fv2%2Fcomments&post=187"}],"version-history":[{"count":3,"href":"http:\/\/indira-kosmetik.de\/index.php?rest_route=\/wp\/v2\/pages\/187\/revisions"}],"predecessor-version":[{"id":685,"href":"http:\/\/indira-kosmetik.de\/index.php?rest_route=\/wp\/v2\/pages\/187\/revisions\/685"}],"wp:attachment":[{"href":"http:\/\/indira-kosmetik.de\/index.php?rest_route=%2Fwp%2Fv2%2Fmedia&parent=187"}],"curies":[{"name":"wp","href":"https:\/\/api.w.org\/{rel}","templated":true}]}}